{"id":733,"date":"2024-11-25T08:37:45","date_gmt":"2024-11-25T07:37:45","guid":{"rendered":"https:\/\/bruelhart-ducret.dev.hayloft-it.ch\/?page_id=733"},"modified":"2025-03-25T10:40:52","modified_gmt":"2025-03-25T09:40:52","slug":"le-principe-de-liceberg-architectural","status":"publish","type":"page","link":"https:\/\/www.bruelhartducret.ch\/fr\/le-principe-de-liceberg-architectural\/","title":{"rendered":"Le principe de l'iceberg architectural"},"content":{"rendered":"<div class=\"wp-block-group alignfull hero-with-title-and-cover is-layout-flow wp-block-group-is-layout-flow\">\n<h1 class=\"wp-block-heading\"><strong>Le concept de l'iceberg architectural<sup>\u00ae<\/sup><\/strong> <br>Le chemin le plus strict vers la fonctionnalit\u00e9 esth\u00e9tique.<\/h1>\n<\/div>\n\n\n\n<div class=\"wp-block-group alignfull lead-wrapper is-layout-constrained wp-block-group-is-layout-constrained\">\n<p>Dans le processus de conception architecturale, notre principe de l'iceberg illustre le fait que le projet r\u00e9alis\u00e9 ne repr\u00e9sente qu'une petite partie du concept global. <strong>Comme pour un iceberg, les aspects d\u00e9cisifs se trouvent souvent sous la surface et ne sont pas imm\u00e9diatement visibles.<\/strong><\/p>\n\n\n\n<p>L'essence d'une construction repose sur l'\u00e9laboration minutieuse de notre iceberg architectural. Pour nous, cela signifie que les caract\u00e9ristiques et l'aspect esth\u00e9tique d'un projet sont \u00e9troitement li\u00e9s \u00e0 ses aspects fonctionnels, structurels, \u00e9conomiques, durables et sociaux, qui sont souvent cach\u00e9s.&nbsp;<\/p>\n\n\n\n<p><strong>Nous ne planifions et n'int\u00e9grons donc pas seulement <\/strong><strong>ext\u00e9rieur<\/strong><strong> Le design, mais aussi la fonctionnalit\u00e9 sous-jacente, les concepts d'utilisation, l'efficacit\u00e9 \u00e9nerg\u00e9tique, le choix des mat\u00e9riaux et d'autres \u00e9l\u00e9ments essentiels sont soigneusement pris en compte pour cr\u00e9er une \u0153uvre architecturale aboutie.<\/strong><\/p>\n<\/div>\n\n\n\n<div class=\"wp-block-group alignwide is-layout-flow wp-block-group-is-layout-flow\">\n<h5 class=\"wp-block-heading\">Le principe de l'iceberg<\/h5>\n\n\n\n<h2 class=\"wp-block-heading\"><strong>Les \u00e9tapes vers un r\u00e9sultat parfait en termes de fonctionnalit\u00e9 esth\u00e9tique :<\/strong><\/h2>\n\n\n\n<p>Chez nous, chaque projet suit un processus conceptuel et \u00e9volutif uniforme. Cela nous permet d'obtenir ensemble un r\u00e9sultat optimal, tant sur le plan fonctionnel qu'esth\u00e9tique. Notre sch\u00e9ma de l'iceberg illustre de mani\u00e8re transparente et compr\u00e9hensible les diff\u00e9rentes \u00e9tapes qui m\u00e8nent \u00e0 la r\u00e9ussite du projet.<\/p>\n\n\n\n<figure data-no-zoom=\"true\" class=\"wp-block-image size-large\"><img loading=\"lazy\" decoding=\"async\" width=\"1024\" height=\"372\" src=\"https:\/\/bruelhartducret.ch\/wp-content\/uploads\/2024\/11\/Bildschirmfoto-2024-11-25-um-08.44.16-1024x372.webp\" alt=\"\" class=\"wp-image-742\" srcset=\"https:\/\/www.bruelhartducret.ch\/wp-content\/uploads\/2024\/11\/Bildschirmfoto-2024-11-25-um-08.44.16-1024x372.webp 1024w, https:\/\/www.bruelhartducret.ch\/wp-content\/uploads\/2024\/11\/Bildschirmfoto-2024-11-25-um-08.44.16-300x109.webp 300w, https:\/\/www.bruelhartducret.ch\/wp-content\/uploads\/2024\/11\/Bildschirmfoto-2024-11-25-um-08.44.16-768x279.webp 768w, https:\/\/www.bruelhartducret.ch\/wp-content\/uploads\/2024\/11\/Bildschirmfoto-2024-11-25-um-08.44.16-18x7.webp 18w, https:\/\/www.bruelhartducret.ch\/wp-content\/uploads\/2024\/11\/Bildschirmfoto-2024-11-25-um-08.44.16-407x148.webp 407w, https:\/\/www.bruelhartducret.ch\/wp-content\/uploads\/2024\/11\/Bildschirmfoto-2024-11-25-um-08.44.16.webp 1378w\" sizes=\"auto, (max-width: 1024px) 100vw, 1024px\" \/><\/figure>\n\n\n\n<div style=\"height:50px\" aria-hidden=\"true\" class=\"wp-block-spacer\"><\/div>\n\n\n\n<p><strong>Fonctionnalit\u00e9 esth\u00e9tique dans la pratique :<br><\/strong>Voir nos projets r\u00e9alis\u00e9s !<\/p>\n\n\n\n<div class=\"wp-block-buttons is-layout-flex wp-block-buttons-is-layout-flex\">\n<div class=\"wp-block-button\"><a class=\"wp-block-button__link wp-element-button\" href=\"https:\/\/www.bruelhartducret.ch\/fr\/apercu-du-projet\/\">vers les exemples de r\u00e9f\u00e9rence<\/a><\/div>\n<\/div>\n<\/div>","protected":false},"excerpt":{"rendered":"<p>Das Architektur-Eisbergkonzept\u00ae Der stringente Weg zu \u00e4sthetischer Funktionalit\u00e4t. Im architektonischen Entwurfsprozess veranschaulicht unser Eisbergprinzip, dass das realisierte Projekt nur einen kleinen Teil des Gesamtkonzepts darstellt. \u00c4hnlich wie bei einem Eisberg liegen die entscheidenden Aspekte oft unter der Oberfl\u00e4che und sind nicht sofort erkennbar. Die Essenz eines Bauwerks basiert auf der sorgf\u00e4ltigen Erarbeitung unseres architektonischen Eisbergs. [&hellip;]<\/p>","protected":false},"author":2,"featured_media":0,"parent":0,"menu_order":0,"comment_status":"closed","ping_status":"closed","template":"","meta":{"footnotes":""},"class_list":["post-733","page","type-page","status-publish","hentry"],"acf":[],"_links":{"self":[{"href":"https:\/\/www.bruelhartducret.ch\/fr\/wp-json\/wp\/v2\/pages\/733","targetHints":{"allow":["GET"]}}],"collection":[{"href":"https:\/\/www.bruelhartducret.ch\/fr\/wp-json\/wp\/v2\/pages"}],"about":[{"href":"https:\/\/www.bruelhartducret.ch\/fr\/wp-json\/wp\/v2\/types\/page"}],"author":[{"embeddable":true,"href":"https:\/\/www.bruelhartducret.ch\/fr\/wp-json\/wp\/v2\/users\/2"}],"replies":[{"embeddable":true,"href":"https:\/\/www.bruelhartducret.ch\/fr\/wp-json\/wp\/v2\/comments?post=733"}],"version-history":[{"count":10,"href":"https:\/\/www.bruelhartducret.ch\/fr\/wp-json\/wp\/v2\/pages\/733\/revisions"}],"predecessor-version":[{"id":961,"href":"https:\/\/www.bruelhartducret.ch\/fr\/wp-json\/wp\/v2\/pages\/733\/revisions\/961"}],"wp:attachment":[{"href":"https:\/\/www.bruelhartducret.ch\/fr\/wp-json\/wp\/v2\/media?parent=733"}],"curies":[{"name":"wp","href":"https:\/\/api.w.org\/{rel}","templated":true}]}}