{"id":466,"date":"2024-02-02T11:34:19","date_gmt":"2024-02-02T10:34:19","guid":{"rendered":"https:\/\/bruelhart-ducret.dev.hayloft-it.ch\/?page_id=466"},"modified":"2025-03-25T09:43:51","modified_gmt":"2025-03-25T08:43:51","slug":"mentions-legales","status":"publish","type":"page","link":"https:\/\/www.bruelhartducret.ch\/fr\/mentions-legales\/","title":{"rendered":"Mentions l\u00e9gales"},"content":{"rendered":"<h2 class=\"wp-block-heading\">Mentions l\u00e9gales<\/h2>\n\n\n\n<h4 class=\"wp-block-heading\">Clause de non-responsabilit\u00e9<\/h4>\n\n\n\n<p>Br\u00fclhart Ducret SA (bruelhartducret.ch) n'assume aucune responsabilit\u00e9 quant \u00e0 l'exactitude, la pr\u00e9cision, l'actualit\u00e9, la fiabilit\u00e9 et l'exhaustivit\u00e9 du contenu des informations. Br\u00fclhart Ducret SA (bruelhartducret.ch) ne saurait \u00eatre tenu pour responsable des dommages mat\u00e9riels ou immat\u00e9riels qui pourraient \u00eatre caus\u00e9s par l'acc\u00e8s aux informations diffus\u00e9es ou par leur utilisation ou non-utilisation, par le mauvais usage de la connexion ou par des probl\u00e8mes techniques.<\/p>\n\n\n\n<h4 class=\"wp-block-heading\">Responsabilit\u00e9 pour les liens<\/h4>\n\n\n\n<p>Les renvois et liens vers des sites web de tiers ne rel\u00e8vent pas de notre responsabilit\u00e9. Nous d\u00e9clinons toute responsabilit\u00e9 pour de tels sites. L'acc\u00e8s \u00e0 de tels sites et leur utilisation se font aux risques et p\u00e9rils de l'utilisateur ou de l'utilisatrice.<\/p>\n\n\n\n<h4 class=\"wp-block-heading\">Droits d'auteur<\/h4>\n\n\n\n<p>Les droits d'auteur et tous les autres droits li\u00e9s aux contenus, images, photos ou autres fichiers pr\u00e9sents sur le site web sont la propri\u00e9t\u00e9 exclusive de Br\u00fclhart Ducret SA (bruelhartducret.ch) ou des titulaires de droits sp\u00e9cialement cit\u00e9s. Pour la reproduction de tout \u00e9l\u00e9ment, l'accord \u00e9crit des d\u00e9tenteurs des droits d'auteur doit \u00eatre obtenu au pr\u00e9alable.<\/p>","protected":false},"excerpt":{"rendered":"<p>Impressum Haf\u00adtungsauss\u00adchluss Br\u00fcl\u00adhart Ducret&nbsp;AG&nbsp;(bru\u200bel\u200bhart\u200bdu\u200bcret\u200b.ch) \u00fcbern\u00adimmt kein\u00ader\u00adlei Gew\u00e4hr hin\u00adsichtlich der inhaltlichen Richtigkeit, Genauigkeit, Aktu\u00adal\u00adit\u00e4t, Zuver\u00adl\u00e4s\u00adsigkeit und Voll\u00adst\u00e4ndigkeit der Infor\u00adma\u00adtio\u00adnen. Haf\u00adtungsanspr\u00fcche gegen Br\u00fcl\u00adhart Ducret&nbsp;AG&nbsp;(bru\u200bel\u200bhart\u200bdu\u200bcret\u200b.ch) wegen Sch\u00e4\u00adden materieller oder imma\u00adterieller Art, welche aus dem Zugriff oder der Nutzung bzw. Nicht\u00adnutzung der ver\u00f6f\u00adfentlicht\u00aden Infor\u00adma\u00adtio\u00adnen, durch Miss\u00adbrauch der Verbindung oder durch tech\u00adnis\u00adche St\u00f6run\u00adgen ent\u00adstanden sind, wer\u00adden ausgeschlossen. Haf\u00adtung f\u00fcr&nbsp;Links Ver\u00adweise [&hellip;]<\/p>","protected":false},"author":1,"featured_media":0,"parent":0,"menu_order":0,"comment_status":"closed","ping_status":"closed","template":"","meta":{"footnotes":""},"class_list":["post-466","page","type-page","status-publish","hentry"],"acf":[],"_links":{"self":[{"href":"https:\/\/www.bruelhartducret.ch\/fr\/wp-json\/wp\/v2\/pages\/466","targetHints":{"allow":["GET"]}}],"collection":[{"href":"https:\/\/www.bruelhartducret.ch\/fr\/wp-json\/wp\/v2\/pages"}],"about":[{"href":"https:\/\/www.bruelhartducret.ch\/fr\/wp-json\/wp\/v2\/types\/page"}],"author":[{"embeddable":true,"href":"https:\/\/www.bruelhartducret.ch\/fr\/wp-json\/wp\/v2\/users\/1"}],"replies":[{"embeddable":true,"href":"https:\/\/www.bruelhartducret.ch\/fr\/wp-json\/wp\/v2\/comments?post=466"}],"version-history":[{"count":2,"href":"https:\/\/www.bruelhartducret.ch\/fr\/wp-json\/wp\/v2\/pages\/466\/revisions"}],"predecessor-version":[{"id":959,"href":"https:\/\/www.bruelhartducret.ch\/fr\/wp-json\/wp\/v2\/pages\/466\/revisions\/959"}],"wp:attachment":[{"href":"https:\/\/www.bruelhartducret.ch\/fr\/wp-json\/wp\/v2\/media?parent=466"}],"curies":[{"name":"wp","href":"https:\/\/api.w.org\/{rel}","templated":true}]}}